{"id":61,"date":"2018-03-15T15:02:39","date_gmt":"2018-03-15T15:02:39","guid":{"rendered":"http:\/\/www.levyheritage.com\/terms-of-use\/"},"modified":"2018-05-17T12:43:33","modified_gmt":"2018-05-17T12:43:33","slug":"terms-of-use","status":"publish","type":"page","link":"https:\/\/www.levyheritage.com\/es\/terms-of-use\/","title":{"rendered":"Informaci\u00f3n Legal"},"content":{"rendered":"<p>Accediendo a este sitio web de Levy Heritage (el \u00abSitio Web\u00bb) usted (el \u201cUsuario\u201d) acepta todos los t\u00e9rminos y condiciones siguientes.<\/p>\n<p><b>Acceso<\/b><\/p>\n<p>Este sitio web y los servicios aqu\u00ed descritos son estrictamente para fines informativos y generalmente no est\u00e1n disponibles o dirigidos hacia cualquier persona ubicada en cualquier\u00a0jurisdicci\u00f3n donde esos servicios no est\u00e1n permitidos por legislaci\u00f3n local o donde Levy Heritage no est\u00e1 registrado o no tiene licencia para hacer negocios.<\/p>\n<p><b>Ninguna Oferta; Ninguna Asesor\u00eda<\/b><\/p>\n<p>La informaci\u00f3n contenida en este Sitio Web, incluyendo datos financieros, reportes, investigaciones, res\u00famenes, opiniones y cualquier otra informaci\u00f3n o contenido y cualesquiera documentos descargados de este Sitio Web o de los enlaces contenidos en este Sitio Web ( conjuntamente, la \u00abInformaci\u00f3n\u201d ) es s\u00f3lo para fines informativos y no constituye una oferta, recomendaci\u00f3n, asesoramiento o invitaci\u00f3n a entrar en cualquier transacci\u00f3n o inversi\u00f3n, incluyendo pero no limitado a la compra y\/o venta y\/o tenencia de valores y\/o de activos financieros o de otro tipo o para entrar en cualquier acto jur\u00eddico.<br \/>\nLevy Heritage no proporciona asesoramiento de inversi\u00f3n, ni asesoramiento legal, fiscal o cualquier asesoramiento financiero o de\u00a0otra \u00edndole a trav\u00e9s de este Sitio Web.\u00a0 Usted no puede confiar en la Informaci\u00f3n como recomendaci\u00f3n\u00a0o asesoramiento y no debe basar cualquier inversi\u00f3n o decisi\u00f3n financiera sobre la Informaci\u00f3n o las opiniones expresadas en este Sitio Web.<\/p>\n<p><b>Inadecuaci\u00f3n<\/b><\/p>\n<p>La Informaci\u00f3n, descripciones, instrumentos de inversi\u00f3n y servicios descritos en este documento pueden no ser adecuados para Usted o pueden no estar disponibles.\u00a0 La Informaci\u00f3n no se ajusta a determinados objetivos de inversi\u00f3n, situaci\u00f3n financiera o necesidades particulares de cualquier persona.\u00a0 Cada inversor tiene objetivos diferentes y, por lo tanto, deber\u00eda obtener m\u00e1s asesoramiento\u00a0profesional\u00a0personalizado en relaci\u00f3n con cualquier inversi\u00f3n, que tendr\u00e1 en cuenta los datos\u00a0espec\u00edficos, circunstancias y necesidades del inversionista.\u00a0 El desempe\u00f1o pasado no garantiza ni es indicador de resultados futuros. Cada inversi\u00f3n implica riesgos y no se puede dar una garant\u00eda de que los objetivos de inversi\u00f3n o retorno de la inversi\u00f3n se lograr\u00e1n en su totalidad o en forma parcial.<\/p>\n<p><b>No Relaci\u00f3n Cliente \u00a0 \u00a0<\/b><\/p>\n<p>Nada en este Sitio Web deber\u00e1 crear una relaci\u00f3n de cliente entre usted y Levy Heritage. Usted puede convertirse en un cliente de Levy Heritage \u00fanicamente entrando en un acuerdo escrito y firmado entre usted y Levy Heritage.<\/p>\n<p><b>La Exactitud de la Informaci\u00f3n\u00a0<\/b><\/p>\n<p>La informaci\u00f3n disponible en este Sitio Web generalmente est\u00e1 basada en fuentes que se consideran fiables y de suposiciones que pueden cambiar o no materializarse.\u00a0 La Informaci\u00f3n\u00a0se proporciona \u00abtal cual\u00bb y puede contener errores u omisiones, o puede no estar actualizada.\u00a0 Levy Heritage no tiene ninguna obligaci\u00f3n de actualizar la informaci\u00f3n o quitar el contenido obsoleto.\u00a0 Levy Heritage no verifica independientemente la informaci\u00f3n y no hace ninguna representaci\u00f3n o garant\u00eda ni asume responsabilidad alguna ya sea expresa o impl\u00edcita con respecto a la calidad o la exactitud de la Informaci\u00f3n.\u00a0 Este Sitio Web puede contener enlaces a otros sitios web operados por terceros (los \u00abSitios Enlazados\u00bb).\u00a0 La inclusi\u00f3n de cualquier enlace no implica la aprobaci\u00f3n, validaci\u00f3n o recomendaci\u00f3n de cualquier sitio o la informaci\u00f3n contenida en \u00e9l.\u00a0 Levy Heritage no revisa ni verifica la informaci\u00f3n contenida en cualquier Sitio Enlazado y no asume ninguna responsabilidad por su contenido, recomendaciones u ofertas. Siguiendo los enlaces en este Sitio Web o cualquier Sitio Enlazado es bajo el propio riesgo del Usuario.<\/p>\n<p><b>Recopilaci\u00f3n y Transmisi\u00f3n de Datos<\/b><\/p>\n<p>Este Sitio Web puede permitir a los usuarios transmitir o acceder a datos o comunicarse con Levy Heritage. Usted est\u00e1 consciente de que la comunicaci\u00f3n a trav\u00e9s de este Sitio Web<br \/>\nes insegura y \u00a0sujeta a interferencias.\u00a0 Levy Heritage no asume ning\u00fan tipo de responsabilidad con respecto a cualquier p\u00e9rdida, da\u00f1o o violaci\u00f3n de confidencialidad resultante de fallos de transmisi\u00f3n de comunicaci\u00f3n, infracci\u00f3n de contrase\u00f1a o interferencias.\u00a0 Levy Heritage puede recopilar informaci\u00f3n del uso de su Sitio Web con el fin de mejorar la experiencia del usuario y evaluar la eficacia de su comunicaci\u00f3n.\u00a0 Accediendo a este Sitio Web usted acepta la recopilaci\u00f3n de dicha informaci\u00f3n<\/p>\n<p><b>Ninguna Responsabilidad<\/b><\/p>\n<p>Levy Heritage y sus filiales y\/o empleados, directores y\/o accionistas no asumir\u00e1n responsabilidad alguna por los da\u00f1os y\/o p\u00e9rdidas sufridas a cualquier persona como consecuencia del acceso\u00a0o utilizaci\u00f3n de este Sitio Web, sus caracter\u00edsticas y la Informaci\u00f3n.<br \/>\nEl contenido de este Sitio Web est\u00e1 sujeto a derechos de autor,<br \/>\nCopyright\u00a9 2018 &#8211; Levy Heritage Ltd. Todos los derechos reservados.<\/p>\n","protected":false},"excerpt":{"rendered":"<p>Accediendo a este sitio web de Levy Heritage (el \u00abSitio Web\u00bb) usted (el \u201cUsuario\u201d) acepta todos los t\u00e9rminos y condiciones siguientes. Acceso Este sitio web y los servicios aqu\u00ed descritos son estrictamente para fines informativos y generalmente no est\u00e1n disponibles o dirigidos hacia cualquier persona ubicada en cualquier\u00a0jurisdicci\u00f3n donde esos servicios no est\u00e1n permitidos por&#8230;<\/p>\n","protected":false},"author":1,"featured_media":0,"parent":0,"menu_order":0,"comment_status":"closed","ping_status":"closed","template":"","meta":{"footnotes":""},"class_list":["post-61","page","type-page","status-publish","hentry"],"_links":{"self":[{"href":"https:\/\/www.levyheritage.com\/es\/wp-json\/wp\/v2\/pages\/61","targetHints":{"allow":["GET"]}}],"collection":[{"href":"https:\/\/www.levyheritage.com\/es\/wp-json\/wp\/v2\/pages"}],"about":[{"href":"https:\/\/www.levyheritage.com\/es\/wp-json\/wp\/v2\/types\/page"}],"author":[{"embeddable":true,"href":"https:\/\/www.levyheritage.com\/es\/wp-json\/wp\/v2\/users\/1"}],"replies":[{"embeddable":true,"href":"https:\/\/www.levyheritage.com\/es\/wp-json\/wp\/v2\/comments?post=61"}],"version-history":[{"count":4,"href":"https:\/\/www.levyheritage.com\/es\/wp-json\/wp\/v2\/pages\/61\/revisions"}],"predecessor-version":[{"id":165,"href":"https:\/\/www.levyheritage.com\/es\/wp-json\/wp\/v2\/pages\/61\/revisions\/165"}],"wp:attachment":[{"href":"https:\/\/www.levyheritage.com\/es\/wp-json\/wp\/v2\/media?parent=61"}],"curies":[{"name":"wp","href":"https:\/\/api.w.org\/{rel}","templated":true}]}}