{"id":2965,"date":"2026-01-29T12:59:15","date_gmt":"2026-01-29T12:59:15","guid":{"rendered":"https:\/\/www.levyheritage.com\/?page_id=2965"},"modified":"2026-02-01T10:10:23","modified_gmt":"2026-02-01T10:10:23","slug":"declaracion-de-accesibilidad","status":"publish","type":"page","link":"https:\/\/www.levyheritage.com\/es\/declaracion-de-accesibilidad\/","title":{"rendered":"Declaraci\u00f3n de Accesibilidad"},"content":{"rendered":"<p>Damos gran importancia a hacer que la informaci\u00f3n del sitio web sea accesible para todos los usuarios. Para ello, se han invertido esfuerzos y recursos con el fin de que el sitio sea disponible, c\u00f3modo y f\u00e1cil de usar para toda la poblaci\u00f3n, incluidas las personas con discapacidad.<\/p>\n<p><strong>Informaci\u00f3n sobre la accesibilidad del sitio web<\/strong><br \/>\nUn sitio web accesible es aquel que permite a las personas con discapacidad y a las personas mayores navegar con el mismo nivel de eficiencia y disfrute que el resto de los usuarios.<\/p>\n<p>El sitio web fue desarrollado de conformidad con el Reglamento de Igualdad de Derechos para Personas con Discapacidad (Ajustes de Accesibilidad al Servicio), 2013, la norma israel\u00ed 5568 para la accesibilidad de contenidos web en nivel AA, y las directrices WCAG 2.0 elaboradas por la organizaci\u00f3n internacional.<\/p>\n<p>El sitio fue dise\u00f1ado con un estilo minimalista y sencillo, con el objetivo de facilitar la navegaci\u00f3n a todos los usuarios. Desde el principio no se incluyeron elementos parpadeantes o en movimiento, y la paleta de colores es muy limitada.<\/p>\n<p>Adem\u00e1s, el sitio incluye un men\u00fa de accesibilidad que se abre con un clic y permite:<\/p>\n<ul>\n<li>Aumentar el tama\u00f1o de la fuente en 4 niveles diferentes<\/li>\n<li>Reducir el tama\u00f1o de la fuente en 4 niveles diferentes<\/li>\n<li>Cambiar todos los colores del sitio a blanco y negro<\/li>\n<li>Ajustar el contraste \u2013 cambiar el contraste de colores del sitio<\/li>\n<li>Resaltar enlaces en el sitio<\/li>\n<li>Cambiar la fuente a una m\u00e1s legible<\/li>\n<\/ul>\n<p>No obstante, a pesar de los esfuerzos realizados para hacer accesibles todas las p\u00e1ginas del sitio, si se detectan secciones o funciones que no est\u00e9n correctamente adaptadas o que a\u00fan no hayan sido adaptadas, actuaremos para garantizar su accesibilidad seg\u00fan lo requerido.<\/p>\n<p><strong>Informaci\u00f3n sobre los arreglos de accesibilidad f\u00edsica<\/strong><br \/>\nPor lo general, no se recibe p\u00fablico en las oficinas de la empresa, salvo en casos especiales y con cita previa. El edificio y las oficinas cuentan con accesibilidad total, que incluye plazas de aparcamiento accesibles en el estacionamiento subterr\u00e1neo del edificio y acceso continuo desde la entrada del edificio y el estacionamiento hasta las oficinas mediante ascensor. Se permite el ingreso de animales de servicio destinados a asistir a personas con discapacidad.<\/p>\n<p><strong>Datos de contacto de la persona responsable de accesibilidad<\/strong><br \/>\nSra. Giada Condello<br \/>\nCorreo electr\u00f3nico: <a href=\"mailto:giada.condello@levyheritage.com\">giada.condello@levyheritage.com<\/a><br \/>\nTel\u00e9fono: +972-2-623-0756<\/p>\n<p>&nbsp;<\/p>\n","protected":false},"excerpt":{"rendered":"<p>Damos gran importancia a hacer que la informaci\u00f3n del sitio web sea accesible para todos los usuarios. Para ello, se han invertido esfuerzos y recursos con el fin de que el sitio sea disponible, c\u00f3modo y f\u00e1cil de usar para toda la poblaci\u00f3n, incluidas las personas con discapacidad. Informaci\u00f3n sobre la accesibilidad del sitio web&#8230;<\/p>\n","protected":false},"author":4,"featured_media":0,"parent":0,"menu_order":0,"comment_status":"closed","ping_status":"closed","template":"","meta":{"footnotes":""},"class_list":["post-2965","page","type-page","status-publish","hentry"],"_links":{"self":[{"href":"https:\/\/www.levyheritage.com\/es\/wp-json\/wp\/v2\/pages\/2965","targetHints":{"allow":["GET"]}}],"collection":[{"href":"https:\/\/www.levyheritage.com\/es\/wp-json\/wp\/v2\/pages"}],"about":[{"href":"https:\/\/www.levyheritage.com\/es\/wp-json\/wp\/v2\/types\/page"}],"author":[{"embeddable":true,"href":"https:\/\/www.levyheritage.com\/es\/wp-json\/wp\/v2\/users\/4"}],"replies":[{"embeddable":true,"href":"https:\/\/www.levyheritage.com\/es\/wp-json\/wp\/v2\/comments?post=2965"}],"version-history":[{"count":3,"href":"https:\/\/www.levyheritage.com\/es\/wp-json\/wp\/v2\/pages\/2965\/revisions"}],"predecessor-version":[{"id":2983,"href":"https:\/\/www.levyheritage.com\/es\/wp-json\/wp\/v2\/pages\/2965\/revisions\/2983"}],"wp:attachment":[{"href":"https:\/\/www.levyheritage.com\/es\/wp-json\/wp\/v2\/media?parent=2965"}],"curies":[{"name":"wp","href":"https:\/\/api.w.org\/{rel}","templated":true}]}}